	

	{"id":407,"date":"2020-08-02T19:48:11","date_gmt":"2020-08-02T17:48:11","guid":{"rendered":"https:\/\/www.pecheado.com\/blog\/?page_id=407"},"modified":"2020-09-22T15:12:24","modified_gmt":"2020-09-22T13:12:24","slug":"temoignages","status":"publish","type":"page","link":"https:\/\/www.pecheado.com\/blog\/temoignages\/","title":{"rendered":"T\u00e9moignages"},"content":{"rendered":"<div class=\"wp-gr rpi wpac\" data-id=\"ChIJ0yS9eN_q-0cRT6eipKDixSI\" data-layout=\"list\" data-exec=\"false\" data-options='{&quot;text_size&quot;:&quot;120&quot;,&quot;trans&quot;:{&quot;read more&quot;:&quot;plus&quot;}}'><svg xmlns=\"http:\/\/www.w3.org\/2000\/svg\" style=\"display:none!important\"><symbol id=\"grw-tripadvisor\" viewBox=\"0 0 713.496 713.496\"><g><circle fill=\"#34E0A1\" cx=\"356.749\" cy=\"356.748\" r=\"356.748\"\/><path d=\"M577.095,287.152l43.049-46.836h-95.465c-47.792-32.646-105.51-51.659-167.931-51.659   c-62.342,0-119.899,19.054-167.612,51.659H93.432l43.049,46.836c-26.387,24.075-42.929,58.754-42.929,97.259   c0,72.665,58.914,131.578,131.579,131.578c34.519,0,65.968-13.313,89.446-35.077l42.172,45.919l42.172-45.879   c23.478,21.764,54.887,35.037,89.406,35.037c72.665,0,131.658-58.913,131.658-131.578   C620.024,345.866,603.483,311.188,577.095,287.152z M225.17,473.458c-49.188,0-89.047-39.859-89.047-89.047   s39.86-89.048,89.047-89.048c49.187,0,89.047,39.86,89.047,89.048S274.357,473.458,225.17,473.458z M356.788,381.82   c0-58.595-42.61-108.898-98.853-130.383c30.413-12.716,63.776-19.771,98.813-19.771s68.439,7.055,98.853,19.771   C399.399,272.962,356.788,323.226,356.788,381.82z M488.367,473.458c-49.188,0-89.048-39.859-89.048-89.047   s39.86-89.048,89.048-89.048s89.047,39.86,89.047,89.048S537.554,473.458,488.367,473.458z M488.367,337.694   c-25.79,0-46.677,20.887-46.677,46.677c0,25.789,20.887,46.676,46.677,46.676c25.789,0,46.676-20.887,46.676-46.676   C535.042,358.621,514.156,337.694,488.367,337.694z M271.846,384.411c0,25.789-20.887,46.676-46.676,46.676   s-46.676-20.887-46.676-46.676c0-25.79,20.887-46.677,46.676-46.677C250.959,337.694,271.846,358.621,271.846,384.411z\"\/><\/g><\/symbol><symbol id=\"grw-google\" viewBox=\"0 0 512 512\"><g fill=\"none\" fill-rule=\"evenodd\"><path d=\"M482.56 261.36c0-16.73-1.5-32.83-4.29-48.27H256v91.29h127.01c-5.47 29.5-22.1 54.49-47.09 71.23v59.21h76.27c44.63-41.09 70.37-101.59 70.37-173.46z\" fill=\"#4285f4\"\/><path d=\"M256 492c63.72 0 117.14-21.13 156.19-57.18l-76.27-59.21c-21.13 14.16-48.17 22.53-79.92 22.53-61.47 0-113.49-41.51-132.05-97.3H45.1v61.15c38.83 77.13 118.64 130.01 210.9 130.01z\" fill=\"#34a853\"\/><path d=\"M123.95 300.84c-4.72-14.16-7.4-29.29-7.4-44.84s2.68-30.68 7.4-44.84V150.01H45.1C29.12 181.87 20 217.92 20 256c0 38.08 9.12 74.13 25.1 105.99l78.85-61.15z\" fill=\"#fbbc05\"\/><path d=\"M256 113.86c34.65 0 65.76 11.91 90.22 35.29l67.69-67.69C373.03 43.39 319.61 20 256 20c-92.25 0-172.07 52.89-210.9 130.01l78.85 61.15c18.56-55.78 70.59-97.3 132.05-97.3z\" fill=\"#ea4335\"\/><path d=\"M20 20h472v472H20V20z\"\/><\/g><\/symbol><\/svg><div class=\"wp-google-list\"><div class=\"grw-header\"><div class=\"grw-header-inner rpi-flx rpi-row12\"><div class=\"grw-img-wrap\"><img data-recalc-dims=\"1\" decoding=\"async\" class=\"grw-img\" src=\"https:\/\/i0.wp.com\/www.pecheado.com\/blog\/wp-content\/uploads\/2020\/04\/pecheado.gif?resize=50%2C50&#038;ssl=1\" loading=\"lazy\" alt=\"stage-peche-ados-enfants place picture\" width=\"50\" height=\"50\" onerror=\"if(this.src!='data:image\/gif;base64,R0lGODlhAQABAIAAAAAAAP\/\/\/yH5BAEAAAAALAAAAAABAAEAAAIBRAA7')this.src='data:image\/gif;base64,R0lGODlhAQABAIAAAAAAAP\/\/\/yH5BAEAAAAALAAAAAABAAEAAAIBRAA7';\" ><\/div><div class=\"rpi-flx rpi-col8\"><div class=\"wp-google-name\"><a href=\"https:\/\/maps.google.com\/?cid=2505657947286316879\" target=\"_blank\" rel=\"nofollow noopener\">stage-peche-ados-enfants<\/a><\/div><span class=\"rpi-stars\" style=\"--rating:4.4\">4.4<\/span><div class=\"wp-google-based\">Bas\u00e9 sur 9 avis<\/div><div class=\"wp-google-powered\">powered by <span><span style=\"color:#3c6df0!important\">G<\/span><span style=\"color:#d93025!important\">o<\/span><span style=\"color:#fb8e28!important\">o<\/span><span style=\"color:#3c6df0!important\">g<\/span><span style=\"color:#188038!important\">l<\/span><span style=\"color:#d93025!important\">e<\/span><\/span><\/div><div class=\"wp-google-wr\"><a href=\"https:\/\/search.google.com\/local\/writereview?placeid=ChIJ0yS9eN_q-0cRT6eipKDixSI\" target=\"_blank\" rel=\"nofollow noopener\" onclick=\"return rplg_leave_review_window.call(this)\">notez-nous sur<svg height=\"16\" width=\"16\" role=\"none\"><use href=\"#grw-google\"><\/use><\/svg><\/a><\/div><\/div><\/div><\/div><div class=\"rpi-flx rpi-col16\"><div class=\"wp-google-review\"><div class=\"rpi-flx rpi-row12\"><div class=\"grw-img-wrap\"><img decoding=\"async\" class=\"grw-img\" src=\"https:\/\/lh3.googleusercontent.com\/a-\/AOh14Gj3axHLmt_Jb0g2NhuKOYx9pR1NragKbAdcERTNmw=s128-c0x00000000-cc-rp-mo-ba3\" loading=\"lazy\" alt=\"Cloclo profile picture\" width=\"50\" height=\"50\" onerror=\"if(this.src!='https:\/\/www.pecheado.com\/blog\/wp-content\/plugins\/widget-google-reviews\/assets\/img\/guest.png')this.src='https:\/\/www.pecheado.com\/blog\/wp-content\/plugins\/widget-google-reviews\/assets\/img\/guest.png';\" ><\/div><div class=\"rpi-flx rpi-col4\"><a href=\"https:\/\/www.google.com\/maps\/contrib\/101865531391640351174\/reviews\" class=\"wp-google-name\" target=\"_blank\" rel=\"nofollow noopener\">Cloclo<\/a><div class=\"wp-google-time\" data-time=\"1604816261\">06:17 08 Nov 20<\/div><div class=\"wp-google-feedback\"><span class=\"rpi-stars\" style=\"--rating:4\"><\/span><span class=\"wp-google-text\">Stage tr\u00e8s bien pour des ados,correspondant bien \u00e0 des passionn\u00e9s de la p\u00eache &#x1f44d;&#x1f44c;&#x1f3a3;<\/span><\/div><\/div><\/div><\/div><div class=\"wp-google-review\"><div class=\"rpi-flx rpi-row12\"><div class=\"grw-img-wrap\"><img data-recalc-dims=\"1\" decoding=\"async\" class=\"grw-img\" src=\"https:\/\/i0.wp.com\/lh6.googleusercontent.com\/-m8Ka3Enz8dk\/AAAAAAAAAAI\/AAAAAAAAAAA\/AMZuucmzU3g2eo3XL0UJTSMgM57JWCMkwQ\/s128-c0x00000000-cc-rp-mo\/photo.jpg?resize=50%2C50&#038;ssl=1\" loading=\"lazy\" alt=\"Isadora LEROUX profile picture\" width=\"50\" height=\"50\" onerror=\"if(this.src!='https:\/\/www.pecheado.com\/blog\/wp-content\/plugins\/widget-google-reviews\/assets\/img\/guest.png')this.src='https:\/\/www.pecheado.com\/blog\/wp-content\/plugins\/widget-google-reviews\/assets\/img\/guest.png';\" ><\/div><div class=\"rpi-flx rpi-col4\"><a href=\"https:\/\/www.google.com\/maps\/contrib\/108258662709028908672\/reviews\" class=\"wp-google-name\" target=\"_blank\" rel=\"nofollow noopener\">Isadora LEROUX<\/a><div class=\"wp-google-time\" data-time=\"1600611957\">14:25 20 Sep 20<\/div><div class=\"wp-google-feedback\"><span class=\"rpi-stars\" style=\"--rating:5\"><\/span><span class=\"wp-google-text\">Notre fils a ador\u00e9 ! De la p\u00eache \u00e0 volont\u00e9, il a bien mang\u00e9, bien dormi et pass\u00e9 un excellent moment. Il veut absolument recommencer !<\/span><\/div><\/div><\/div><\/div><div class=\"wp-google-review\"><div class=\"rpi-flx rpi-row12\"><div class=\"grw-img-wrap\"><img data-recalc-dims=\"1\" decoding=\"async\" class=\"grw-img\" src=\"https:\/\/i0.wp.com\/lh5.googleusercontent.com\/-cMFRxH_rbkU\/AAAAAAAAAAI\/AAAAAAAAAAA\/AMZuucmVy0ID4IzRzQ3qenYx8iNB8E3vUg\/s128-c0x00000000-cc-rp-mo\/photo.jpg?resize=50%2C50&#038;ssl=1\" loading=\"lazy\" alt=\"virginie rouet profile picture\" width=\"50\" height=\"50\" onerror=\"if(this.src!='https:\/\/www.pecheado.com\/blog\/wp-content\/plugins\/widget-google-reviews\/assets\/img\/guest.png')this.src='https:\/\/www.pecheado.com\/blog\/wp-content\/plugins\/widget-google-reviews\/assets\/img\/guest.png';\" ><\/div><div class=\"rpi-flx rpi-col4\"><a href=\"https:\/\/www.google.com\/maps\/contrib\/115431643272201861459\/reviews\" class=\"wp-google-name\" target=\"_blank\" rel=\"nofollow noopener\">virginie rouet<\/a><div class=\"wp-google-time\" data-time=\"1595667152\">08:52 25 Jul 20<\/div><div class=\"wp-google-feedback\"><span class=\"rpi-stars\" style=\"--rating:1\"><\/span><span class=\"wp-google-text\">Les gamins son vou\u00e9 \u00e0 eux m\u00eame !<\/span><\/div><\/div><\/div><\/div><div class=\"wp-google-review\"><div class=\"rpi-flx rpi-row12\"><div class=\"grw-img-wrap\"><img data-recalc-dims=\"1\" decoding=\"async\" class=\"grw-img\" src=\"https:\/\/i0.wp.com\/lh5.googleusercontent.com\/-JPEJQHiMGZ0\/AAAAAAAAAAI\/AAAAAAAAAAA\/AMZuucl13G_tSzO-N6ESUX2XRH3dzEAJbA\/s128-c0x00000000-cc-rp-mo-ba2\/photo.jpg?resize=50%2C50&#038;ssl=1\" loading=\"lazy\" alt=\"Brigitte BOSSARD profile picture\" width=\"50\" height=\"50\" onerror=\"if(this.src!='https:\/\/www.pecheado.com\/blog\/wp-content\/plugins\/widget-google-reviews\/assets\/img\/guest.png')this.src='https:\/\/www.pecheado.com\/blog\/wp-content\/plugins\/widget-google-reviews\/assets\/img\/guest.png';\" ><\/div><div class=\"rpi-flx rpi-col4\"><a href=\"https:\/\/www.google.com\/maps\/contrib\/112844827743462137867\/reviews\" class=\"wp-google-name\" target=\"_blank\" rel=\"nofollow noopener\">Brigitte BOSSARD<\/a><div class=\"wp-google-time\" data-time=\"1594566754\">15:12 12 Jul 20<\/div><div class=\"wp-google-feedback\"><span class=\"rpi-stars\" style=\"--rating:5\"><\/span><span class=\"wp-google-text\">P\u00eache diversifi\u00e9e.<br \/>Cuisine tr\u00e8s bonne<br \/>Bonne hygi\u00e8ne des lieux<br \/>Tr\u00e8s bonne organisation<br \/>Site Facebook avec les photos des ados<br \/>Respect du rythme vacances pour les ados.<\/span><\/div><\/div><\/div><\/div><div class=\"wp-google-review\"><div class=\"rpi-flx rpi-row12\"><div class=\"grw-img-wrap\"><img data-recalc-dims=\"1\" decoding=\"async\" class=\"grw-img\" src=\"https:\/\/i0.wp.com\/lh3.ggpht.com\/-bQMzJZwwnmE\/AAAAAAAAAAI\/AAAAAAAAAAA\/Uke8y7oFCY0\/s128-c0x00000000-cc-rp-mo-ba2\/photo.jpg?resize=50%2C50&#038;ssl=1\" loading=\"lazy\" alt=\"Mick Coco profile picture\" width=\"50\" height=\"50\" onerror=\"if(this.src!='https:\/\/www.pecheado.com\/blog\/wp-content\/plugins\/widget-google-reviews\/assets\/img\/guest.png')this.src='https:\/\/www.pecheado.com\/blog\/wp-content\/plugins\/widget-google-reviews\/assets\/img\/guest.png';\" ><\/div><div class=\"rpi-flx rpi-col4\"><a href=\"https:\/\/www.google.com\/maps\/contrib\/107827633156417922852\/reviews\" class=\"wp-google-name\" target=\"_blank\" rel=\"nofollow noopener\">Mick Coco<\/a><div class=\"wp-google-time\" data-time=\"1529939330\">15:08 25 Jun 18<\/div><div class=\"wp-google-feedback\"><span class=\"rpi-stars\" style=\"--rating:5\"><\/span><span class=\"wp-google-text\"><\/span><\/div><\/div><\/div><\/div><div class=\"wp-google-review wp-google-hide\"><div class=\"rpi-flx rpi-row12\"><div class=\"grw-img-wrap\"><img decoding=\"async\" class=\"grw-img\" src=\"https:\/\/lh3.googleusercontent.com\/a-\/AOh14Gi0BjGHC1g89-FOZJHK0Bv-irdWno6QwxUoVpF43g=s128-c0x00000000-cc-rp-mo\" loading=\"lazy\" alt=\"Jules Mahe profile picture\" width=\"50\" height=\"50\" onerror=\"if(this.src!='https:\/\/www.pecheado.com\/blog\/wp-content\/plugins\/widget-google-reviews\/assets\/img\/guest.png')this.src='https:\/\/www.pecheado.com\/blog\/wp-content\/plugins\/widget-google-reviews\/assets\/img\/guest.png';\" ><\/div><div class=\"rpi-flx rpi-col4\"><a href=\"https:\/\/www.google.com\/maps\/contrib\/101703727687885563266\/reviews\" class=\"wp-google-name\" target=\"_blank\" rel=\"nofollow noopener\">Jules Mahe<\/a><div class=\"wp-google-time\" data-time=\"1501331792\">12:36 29 Jul 17<\/div><div class=\"wp-google-feedback\"><span class=\"rpi-stars\" style=\"--rating:5\"><\/span><span class=\"wp-google-text\"><\/span><\/div><\/div><\/div><\/div><div class=\"wp-google-review wp-google-hide\"><div class=\"rpi-flx rpi-row12\"><div class=\"grw-img-wrap\"><img decoding=\"async\" class=\"grw-img\" src=\"https:\/\/lh3.googleusercontent.com\/a-\/AOh14GhwsI0RgxW27xF9IwQ17sCLhkcgPqnP2W2P4SAm=s128-c0x00000000-cc-rp-mo\" loading=\"lazy\" alt=\"Bryan Ouvrard profile picture\" width=\"50\" height=\"50\" onerror=\"if(this.src!='https:\/\/www.pecheado.com\/blog\/wp-content\/plugins\/widget-google-reviews\/assets\/img\/guest.png')this.src='https:\/\/www.pecheado.com\/blog\/wp-content\/plugins\/widget-google-reviews\/assets\/img\/guest.png';\" ><\/div><div class=\"rpi-flx rpi-col4\"><a href=\"https:\/\/www.google.com\/maps\/contrib\/105775281392033090363\/reviews\" class=\"wp-google-name\" target=\"_blank\" rel=\"nofollow noopener\">Bryan Ouvrard<\/a><div class=\"wp-google-time\" data-time=\"1468407126\">10:52 13 Jul 16<\/div><div class=\"wp-google-feedback\"><span class=\"rpi-stars\" style=\"--rating:5\"><\/span><span class=\"wp-google-text\">trop bien le stage<\/span><\/div><\/div><\/div><\/div><\/div><a class=\"wp-google-url\" href=\"#\" onclick=\"return rplg_next_reviews.call(this, 'wp-google', 5);\">Avis suivants<\/a><\/div><\/div>\n","protected":false},"excerpt":{"rendered":"","protected":false},"author":1,"featured_media":0,"parent":0,"menu_order":0,"comment_status":"open","ping_status":"closed","template":"temoignages.php","meta":{"footnotes":""},"class_list":["post-407","page","type-page","status-publish","hentry"],"yoast_head":"<!-- This site is optimized with the Yoast SEO plugin v27.6 - https:\/\/yoast.com\/product\/yoast-seo-wordpress\/ -->\n<title>T\u00e9moignages - BLOG<\/title>\n<meta name=\"description\" content=\"Vos t\u00e9moignages pecheado. Laisser vos t\u00e9moignages, avis, opinions, suite \u00e0 l&#039;accueil de vos enfants au sein de nos stages colonies p\u00eache pour adolescents.\" \/>\n<meta name=\"robots\" content=\"index, follow, max-snippet:-1, max-image-preview:large, max-video-preview:-1\" \/>\n<link rel=\"canonical\" href=\"https:\/\/www.pecheado.com\/blog\/temoignages\/\" \/>\n<meta property=\"og:locale\" content=\"fr_FR\" \/>\n<meta property=\"og:type\" content=\"article\" \/>\n<meta property=\"og:title\" content=\"T\u00e9moignages - BLOG\" \/>\n<meta property=\"og:description\" content=\"Vos t\u00e9moignages pecheado. Laisser vos t\u00e9moignages, avis, opinions, suite \u00e0 l&#039;accueil de vos enfants au sein de nos stages colonies p\u00eache pour adolescents.\" \/>\n<meta property=\"og:url\" content=\"https:\/\/www.pecheado.com\/blog\/temoignages\/\" \/>\n<meta property=\"og:site_name\" content=\"BLOG\" \/>\n<meta property=\"article:publisher\" content=\"https:\/\/www.facebook.com\/pecheado\" \/>\n<meta property=\"article:modified_time\" content=\"2020-09-22T13:12:24+00:00\" \/>\n<meta name=\"twitter:card\" content=\"summary_large_image\" \/>\n<meta name=\"twitter:site\" content=\"@pecheado\" \/>\n<script type=\"application\/ld+json\" class=\"yoast-schema-graph\">{\"@context\":\"https:\\\/\\\/schema.org\",\"@graph\":[{\"@type\":\"WebPage\",\"@id\":\"https:\\\/\\\/www.pecheado.com\\\/blog\\\/temoignages\\\/\",\"url\":\"https:\\\/\\\/www.pecheado.com\\\/blog\\\/temoignages\\\/\",\"name\":\"T\u00e9moignages - BLOG\",\"isPartOf\":{\"@id\":\"https:\\\/\\\/www.pecheado.com\\\/blog\\\/#website\"},\"datePublished\":\"2020-08-02T17:48:11+00:00\",\"dateModified\":\"2020-09-22T13:12:24+00:00\",\"description\":\"Vos t\u00e9moignages pecheado. Laisser vos t\u00e9moignages, avis, opinions, suite \u00e0 l'accueil de vos enfants au sein de nos stages colonies p\u00eache pour adolescents.\",\"breadcrumb\":{\"@id\":\"https:\\\/\\\/www.pecheado.com\\\/blog\\\/temoignages\\\/#breadcrumb\"},\"inLanguage\":\"fr-FR\",\"potentialAction\":[{\"@type\":\"ReadAction\",\"target\":[\"https:\\\/\\\/www.pecheado.com\\\/blog\\\/temoignages\\\/\"]}]},{\"@type\":\"BreadcrumbList\",\"@id\":\"https:\\\/\\\/www.pecheado.com\\\/blog\\\/temoignages\\\/#breadcrumb\",\"itemListElement\":[{\"@type\":\"ListItem\",\"position\":1,\"name\":\"Accueil\",\"item\":\"https:\\\/\\\/www.pecheado.com\\\/blog\\\/\"},{\"@type\":\"ListItem\",\"position\":2,\"name\":\"T\u00e9moignages\"}]},{\"@type\":\"WebSite\",\"@id\":\"https:\\\/\\\/www.pecheado.com\\\/blog\\\/#website\",\"url\":\"https:\\\/\\\/www.pecheado.com\\\/blog\\\/\",\"name\":\"BLOG\",\"description\":\"  - colonies, stages p\u00eache enfants et adolescents\",\"publisher\":{\"@id\":\"https:\\\/\\\/www.pecheado.com\\\/blog\\\/#organization\"},\"potentialAction\":[{\"@type\":\"SearchAction\",\"target\":{\"@type\":\"EntryPoint\",\"urlTemplate\":\"https:\\\/\\\/www.pecheado.com\\\/blog\\\/?s={search_term_string}\"},\"query-input\":{\"@type\":\"PropertyValueSpecification\",\"valueRequired\":true,\"valueName\":\"search_term_string\"}}],\"inLanguage\":\"fr-FR\"},{\"@type\":\"Organization\",\"@id\":\"https:\\\/\\\/www.pecheado.com\\\/blog\\\/#organization\",\"name\":\"Association CEPS\",\"url\":\"https:\\\/\\\/www.pecheado.com\\\/blog\\\/\",\"logo\":{\"@type\":\"ImageObject\",\"inLanguage\":\"fr-FR\",\"@id\":\"https:\\\/\\\/www.pecheado.com\\\/blog\\\/#\\\/schema\\\/logo\\\/image\\\/\",\"url\":\"https:\\\/\\\/i0.wp.com\\\/www.pecheado.com\\\/blog\\\/wp-content\\\/uploads\\\/2020\\\/04\\\/pecheado.gif?fit=1059%2C976&ssl=1\",\"contentUrl\":\"https:\\\/\\\/i0.wp.com\\\/www.pecheado.com\\\/blog\\\/wp-content\\\/uploads\\\/2020\\\/04\\\/pecheado.gif?fit=1059%2C976&ssl=1\",\"width\":1059,\"height\":976,\"caption\":\"Association CEPS\"},\"image\":{\"@id\":\"https:\\\/\\\/www.pecheado.com\\\/blog\\\/#\\\/schema\\\/logo\\\/image\\\/\"},\"sameAs\":[\"https:\\\/\\\/www.facebook.com\\\/pecheado\",\"https:\\\/\\\/x.com\\\/pecheado\",\"https:\\\/\\\/www.instagram.com\\\/pecheado\\\/?hl=fr\",\"https:\\\/\\\/www.youtube.com\\\/channel\\\/UCDBEhxN9MXFmAo0evG8yTEQ\"]}]}<\/script>\n<!-- \/ Yoast SEO plugin. -->","yoast_head_json":{"title":"T\u00e9moignages - BLOG","description":"Vos t\u00e9moignages pecheado. Laisser vos t\u00e9moignages, avis, opinions, suite \u00e0 l'accueil de vos enfants au sein de nos stages colonies p\u00eache pour adolescents.","robots":{"index":"index","follow":"follow","max-snippet":"max-snippet:-1","max-image-preview":"max-image-preview:large","max-video-preview":"max-video-preview:-1"},"canonical":"https:\/\/www.pecheado.com\/blog\/temoignages\/","og_locale":"fr_FR","og_type":"article","og_title":"T\u00e9moignages - BLOG","og_description":"Vos t\u00e9moignages pecheado. Laisser vos t\u00e9moignages, avis, opinions, suite \u00e0 l'accueil de vos enfants au sein de nos stages colonies p\u00eache pour adolescents.","og_url":"https:\/\/www.pecheado.com\/blog\/temoignages\/","og_site_name":"BLOG","article_publisher":"https:\/\/www.facebook.com\/pecheado","article_modified_time":"2020-09-22T13:12:24+00:00","twitter_card":"summary_large_image","twitter_site":"@pecheado","schema":{"@context":"https:\/\/schema.org","@graph":[{"@type":"WebPage","@id":"https:\/\/www.pecheado.com\/blog\/temoignages\/","url":"https:\/\/www.pecheado.com\/blog\/temoignages\/","name":"T\u00e9moignages - BLOG","isPartOf":{"@id":"https:\/\/www.pecheado.com\/blog\/#website"},"datePublished":"2020-08-02T17:48:11+00:00","dateModified":"2020-09-22T13:12:24+00:00","description":"Vos t\u00e9moignages pecheado. Laisser vos t\u00e9moignages, avis, opinions, suite \u00e0 l'accueil de vos enfants au sein de nos stages colonies p\u00eache pour adolescents.","breadcrumb":{"@id":"https:\/\/www.pecheado.com\/blog\/temoignages\/#breadcrumb"},"inLanguage":"fr-FR","potentialAction":[{"@type":"ReadAction","target":["https:\/\/www.pecheado.com\/blog\/temoignages\/"]}]},{"@type":"BreadcrumbList","@id":"https:\/\/www.pecheado.com\/blog\/temoignages\/#breadcrumb","itemListElement":[{"@type":"ListItem","position":1,"name":"Accueil","item":"https:\/\/www.pecheado.com\/blog\/"},{"@type":"ListItem","position":2,"name":"T\u00e9moignages"}]},{"@type":"WebSite","@id":"https:\/\/www.pecheado.com\/blog\/#website","url":"https:\/\/www.pecheado.com\/blog\/","name":"BLOG","description":"  - colonies, stages p\u00eache enfants et adolescents","publisher":{"@id":"https:\/\/www.pecheado.com\/blog\/#organization"},"potentialAction":[{"@type":"SearchAction","target":{"@type":"EntryPoint","urlTemplate":"https:\/\/www.pecheado.com\/blog\/?s={search_term_string}"},"query-input":{"@type":"PropertyValueSpecification","valueRequired":true,"valueName":"search_term_string"}}],"inLanguage":"fr-FR"},{"@type":"Organization","@id":"https:\/\/www.pecheado.com\/blog\/#organization","name":"Association CEPS","url":"https:\/\/www.pecheado.com\/blog\/","logo":{"@type":"ImageObject","inLanguage":"fr-FR","@id":"https:\/\/www.pecheado.com\/blog\/#\/schema\/logo\/image\/","url":"https:\/\/i0.wp.com\/www.pecheado.com\/blog\/wp-content\/uploads\/2020\/04\/pecheado.gif?fit=1059%2C976&ssl=1","contentUrl":"https:\/\/i0.wp.com\/www.pecheado.com\/blog\/wp-content\/uploads\/2020\/04\/pecheado.gif?fit=1059%2C976&ssl=1","width":1059,"height":976,"caption":"Association CEPS"},"image":{"@id":"https:\/\/www.pecheado.com\/blog\/#\/schema\/logo\/image\/"},"sameAs":["https:\/\/www.facebook.com\/pecheado","https:\/\/x.com\/pecheado","https:\/\/www.instagram.com\/pecheado\/?hl=fr","https:\/\/www.youtube.com\/channel\/UCDBEhxN9MXFmAo0evG8yTEQ"]}]}},"jetpack_sharing_enabled":true,"_links":{"self":[{"href":"https:\/\/www.pecheado.com\/blog\/wp-json\/wp\/v2\/pages\/407","targetHints":{"allow":["GET"]}}],"collection":[{"href":"https:\/\/www.pecheado.com\/blog\/wp-json\/wp\/v2\/pages"}],"about":[{"href":"https:\/\/www.pecheado.com\/blog\/wp-json\/wp\/v2\/types\/page"}],"author":[{"embeddable":true,"href":"https:\/\/www.pecheado.com\/blog\/wp-json\/wp\/v2\/users\/1"}],"replies":[{"embeddable":true,"href":"https:\/\/www.pecheado.com\/blog\/wp-json\/wp\/v2\/comments?post=407"}],"version-history":[{"count":21,"href":"https:\/\/www.pecheado.com\/blog\/wp-json\/wp\/v2\/pages\/407\/revisions"}],"predecessor-version":[{"id":518,"href":"https:\/\/www.pecheado.com\/blog\/wp-json\/wp\/v2\/pages\/407\/revisions\/518"}],"wp:attachment":[{"href":"https:\/\/www.pecheado.com\/blog\/wp-json\/wp\/v2\/media?parent=407"}],"curies":[{"name":"wp","href":"https:\/\/api.w.org\/{rel}","templated":true}]}}